{"id":64,"date":"2023-05-26T14:43:16","date_gmt":"2023-05-26T20:43:16","guid":{"rendered":"https:\/\/formula-mc.com\/?page_id=64"},"modified":"2023-05-26T14:48:00","modified_gmt":"2023-05-26T20:48:00","slug":"guia-de-uso","status":"publish","type":"page","link":"https:\/\/formula-mc.com\/index.php\/guia-de-uso\/","title":{"rendered":"GUIA DE USO"},"content":{"rendered":"\n<p>Formula MC\u00ae es recomendado para hombres con problemas de calvicie, cuero cabelludo graso y de cabello muy delgado o con tendencia a la p\u00e9rdida. En mujeres se recomienda para los mismos problemas y no hay contraindicaci\u00f3n si el cabello ha sido te\u00f1ido o tratado con per\u00f3xido.<\/p>\n\n\n\n<p class=\"has-text-align-center\">________________________________________________________________<\/p>\n\n\n\n<p>\u2756 Se recomienda usar este producto dos veces preferentemente por la ma\u00f1ana:<\/p>\n\n\n\n<ul class=\"wp-block-list\">\n<li>La primera aplicaci\u00f3n act\u00faa como astringente para eliminar la grasa, aclarando que no genera mucha espuma, esto es normal.<\/li>\n\n\n\n<li>La segunda aplicaci\u00f3n generar\u00e1 m\u00e1s espuma y debe dejarse reposar de 4 a 5 minutos para que los nutrientes puedan ser absorbidos por el cuero cabelludo. Esta espera puede realizarse mientras se lava el resto del cuerpo y al final se puede enjuagar y secar de forma normal<\/li>\n<\/ul>\n\n\n\n<p>\u2756 Para determinar la eficacia de Formula-MC\u00ae no se recomienda mezclarlo con el uso de otros productos ya seanshampoo, acondicionadores o productos similares.<\/p>\n\n\n\n<p>\u2756 No se recomienda el uso de gel, espuma o cualquier otro producto para fijar el cabello, pero si es requerido, soloutilice una cantidad m\u00ednima y apl\u00edquela superficialmente.<\/p>\n\n\n\n<p>\u2756 Para comprobar la efectividad de Formula-MC\u00ae, se recomienda tomarse una fotograf\u00eda antes de iniciar el tratamiento y sucesivamente tomarse una foto cada 15 d\u00edas. Se sugiere adem\u00e1s, que busque un lugar apropiado y tomarse las fotos en el mismo \u00e1ngulo y con la misma fuente de luz para que el seguimiento comparativo resulte eficiente.<\/p>\n\n\n\n<p>\u2756 El ciclo t\u00edpico de crecimiento del cabello en una persona es de 90 d\u00edas, por lo que pasado este tiempo se notar\u00e1 el efecto del shampoo, aclarando que podr\u00edan pasar hasta 4 meses para ver los efectos.<\/p>\n\n\n\n<p>\u2756 Los resultados que puede esperar de este producto son: fortalecimiento del cabello, mayor volumen,engrosamiento y reducci\u00f3n de grasa en el cuero cabelludo<\/p>\n\n\n\n<p>\u2756 Si presenta alguna reacci\u00f3n al\u00e9rgica suspender el tratamiento<\/p>\n\n\n\n<p>\u2756 Si presenta resequedad tras usar Formula-MC\u00ae puede alternar su uso un d\u00eda s\u00ed y un d\u00eda no.<\/p>\n\n\n\n<p>\u2756 La consistencia de Formula-MC\u00ae es mas l\u00edquida y ligera que los shampoos tradicionales. Esto es normal ya que por su formulaci\u00f3n no contiene qu\u00edmicos espesantes.<\/p>\n","protected":false},"excerpt":{"rendered":"<p>Formula MC\u00ae es recomendado para hombres con problemas de calvicie, cuero cabelludo graso y de cabello muy delgado o con tendencia a la p\u00e9rdida. En mujeres se recomienda para los mismos problemas y no hay contraindicaci\u00f3n si el cabello ha sido te\u00f1ido o tratado con per\u00f3xido. ________________________________________________________________ \u2756 Se recomienda usar este producto dos veces preferentemente por la ma\u00f1ana: \u2756 Para determinar la eficacia de Formula-MC\u00ae no se recomienda mezclarlo con el uso de otros productos ya seanshampoo, acondicionadores o productos similares. \u2756 No se recomienda el uso de gel, espuma o cualquier otro producto para fijar el cabello, pero si es requerido, soloutilice una cantidad m\u00ednima y apl\u00edquela superficialmente. \u2756 Para comprobar la efectividad de Formula-MC\u00ae, se recomienda tomarse una fotograf\u00eda antes de iniciar el tratamiento y sucesivamente tomarse una foto cada 15 d\u00edas. Se sugiere adem\u00e1s, que busque un lugar apropiado y tomarse las fotos en el mismo \u00e1ngulo y con la misma fuente de luz para que el seguimiento comparativo resulte eficiente. \u2756 El ciclo t\u00edpico de crecimiento del cabello en una persona es de 90 d\u00edas, por lo que pasado este tiempo se notar\u00e1 el efecto del shampoo, aclarando que podr\u00edan pasar hasta 4 meses para ver los efectos. \u2756 Los resultados que puede esperar de este producto son: fortalecimiento del cabello, mayor volumen,engrosamiento y reducci\u00f3n de grasa en el cuero cabelludo \u2756 Si presenta alguna reacci\u00f3n al\u00e9rgica suspender el tratamiento \u2756 Si presenta resequedad tras usar Formula-MC\u00ae puede alternar su uso un d\u00eda s\u00ed y un d\u00eda no. \u2756 La consistencia de Formula-MC\u00ae es mas l\u00edquida y ligera que los shampoos tradicionales. Esto es normal ya que por su formulaci\u00f3n no contiene qu\u00edmicos espesantes.<\/p>\n","protected":false},"author":2,"featured_media":0,"parent":0,"menu_order":0,"comment_status":"closed","ping_status":"closed","template":"","meta":{"om_disable_all_campaigns":false,"_monsterinsights_skip_tracking":false,"_monsterinsights_sitenote_active":false,"_monsterinsights_sitenote_note":"","_monsterinsights_sitenote_category":0,"footnotes":""},"class_list":["post-64","page","type-page","status-publish","hentry"],"aioseo_notices":[],"_links":{"self":[{"href":"https:\/\/formula-mc.com\/index.php\/wp-json\/wp\/v2\/pages\/64","targetHints":{"allow":["GET"]}}],"collection":[{"href":"https:\/\/formula-mc.com\/index.php\/wp-json\/wp\/v2\/pages"}],"about":[{"href":"https:\/\/formula-mc.com\/index.php\/wp-json\/wp\/v2\/types\/page"}],"author":[{"embeddable":true,"href":"https:\/\/formula-mc.com\/index.php\/wp-json\/wp\/v2\/users\/2"}],"replies":[{"embeddable":true,"href":"https:\/\/formula-mc.com\/index.php\/wp-json\/wp\/v2\/comments?post=64"}],"version-history":[{"count":4,"href":"https:\/\/formula-mc.com\/index.php\/wp-json\/wp\/v2\/pages\/64\/revisions"}],"predecessor-version":[{"id":70,"href":"https:\/\/formula-mc.com\/index.php\/wp-json\/wp\/v2\/pages\/64\/revisions\/70"}],"wp:attachment":[{"href":"https:\/\/formula-mc.com\/index.php\/wp-json\/wp\/v2\/media?parent=64"}],"curies":[{"name":"wp","href":"https:\/\/api.w.org\/{rel}","templated":true}]}}